{"id":1206,"date":"2023-07-14T00:32:25","date_gmt":"2023-07-14T00:32:25","guid":{"rendered":"https:\/\/archieagencia.com.co\/?page_id=1206"},"modified":"2023-12-27T01:55:57","modified_gmt":"2023-12-27T01:55:57","slug":"servicios","status":"publish","type":"page","link":"https:\/\/archieagencia.com.co\/index.php\/servicios\/","title":{"rendered":"Servicios"},"content":{"rendered":"\t\t<div data-elementor-type=\"wp-page\" data-elementor-id=\"1206\" class=\"elementor elementor-1206\">\n\t\t\t\t\t\t<section class=\"elementor-section elementor-top-section elementor-element elementor-element-a128f67 elementor-section-full_width elementor-section-height-full elementor-section-height-default elementor-section-items-middle\" data-id=\"a128f67\" data-element_type=\"section\" data-settings=\"{&quot;background_background&quot;:&quot;classic&quot;}\">\n\t\t\t\t\t\t<div class=\"elementor-container elementor-column-gap-no\">\n\t\t\t\t\t<div class=\"elementor-column elementor-col-100 elementor-top-column elementor-element elementor-element-a98830e\" data-id=\"a98830e\" data-element_type=\"column\">\n\t\t\t<div class=\"elementor-widget-wrap elementor-element-populated\">\n\t\t\t\t\t\t<div class=\"elementor-element elementor-element-6e9de61 elementor-widget elementor-widget-spacer\" data-id=\"6e9de61\" data-element_type=\"widget\" data-widget_type=\"spacer.default\">\n\t\t\t\t<div class=\"elementor-widget-container\">\n\t\t\t\t\t\t\t<div class=\"elementor-spacer\">\n\t\t\t<div class=\"elementor-spacer-inner\"><\/div>\n\t\t<\/div>\n\t\t\t\t\t\t<\/div>\n\t\t\t\t<\/div>\n\t\t\t\t<div class=\"elementor-element elementor-element-628960f elementor-widget elementor-widget-heading\" data-id=\"628960f\" data-element_type=\"widget\" data-widget_type=\"heading.default\">\n\t\t\t\t<div class=\"elementor-widget-container\">\n\t\t\t\t\t<h2 class=\"elementor-heading-title elementor-size-default\">\u00bfquieres que tu negocio<\/h2>\t\t\t\t<\/div>\n\t\t\t\t<\/div>\n\t\t\t\t<div class=\"elementor-element elementor-element-1abb2b9 elementor-widget elementor-widget-heading\" data-id=\"1abb2b9\" data-element_type=\"widget\" data-widget_type=\"heading.default\">\n\t\t\t\t<div class=\"elementor-widget-container\">\n\t\t\t\t\t<h2 class=\"elementor-heading-title elementor-size-default\">sea visible<\/h2>\t\t\t\t<\/div>\n\t\t\t\t<\/div>\n\t\t\t\t<div class=\"elementor-element elementor-element-e6098cd elementor-widget elementor-widget-heading\" data-id=\"e6098cd\" data-element_type=\"widget\" data-widget_type=\"heading.default\">\n\t\t\t\t<div class=\"elementor-widget-container\">\n\t\t\t\t\t<h2 class=\"elementor-heading-title elementor-size-default\">en l\u00cdnea?<\/h2>\t\t\t\t<\/div>\n\t\t\t\t<\/div>\n\t\t\t\t\t<\/div>\n\t\t<\/div>\n\t\t\t\t\t<\/div>\n\t\t<\/section>\n\t\t\t\t<section class=\"elementor-section elementor-top-section elementor-element elementor-element-3ec68b3 elementor-section-height-full elementor-section-boxed elementor-section-height-default elementor-section-items-middle\" data-id=\"3ec68b3\" data-element_type=\"section\">\n\t\t\t\t\t\t<div class=\"elementor-container elementor-column-gap-custom\">\n\t\t\t\t\t<div class=\"elementor-column elementor-col-50 elementor-top-column elementor-element elementor-element-fe39101\" data-id=\"fe39101\" data-element_type=\"column\">\n\t\t\t<div class=\"elementor-widget-wrap elementor-element-populated\">\n\t\t\t\t\t\t<div class=\"elementor-element elementor-element-56cb56f elementor-button-info elementor-align-center elementor-widget elementor-widget-button\" data-id=\"56cb56f\" data-element_type=\"widget\" data-widget_type=\"button.default\">\n\t\t\t\t<div class=\"elementor-widget-container\">\n\t\t\t\t\t\t\t\t\t<div class=\"elementor-button-wrapper\">\n\t\t\t\t\t<a class=\"elementor-button elementor-button-link elementor-size-sm elementor-animation-float\" href=\"http:\/\/marketing\" id=\"boton0\">\n\t\t\t\t\t\t<span class=\"elementor-button-content-wrapper\">\n\t\t\t\t\t\t\t\t\t<span class=\"elementor-button-text\">MARKETING 360\u00b0<\/span>\n\t\t\t\t\t<\/span>\n\t\t\t\t\t<\/a>\n\t\t\t\t<\/div>\n\t\t\t\t\t\t\t\t<\/div>\n\t\t\t\t<\/div>\n\t\t\t\t<div class=\"elementor-element elementor-element-448bff3 elementor-button-info elementor-align-center elementor-widget elementor-widget-button\" data-id=\"448bff3\" data-element_type=\"widget\" data-widget_type=\"button.default\">\n\t\t\t\t<div class=\"elementor-widget-container\">\n\t\t\t\t\t\t\t\t\t<div class=\"elementor-button-wrapper\">\n\t\t\t\t\t<a class=\"elementor-button elementor-button-link elementor-size-sm elementor-animation-float\" href=\"http:\/\/dise\u00f1o%20gr\u00e1fico\" id=\"boton1\">\n\t\t\t\t\t\t<span class=\"elementor-button-content-wrapper\">\n\t\t\t\t\t\t\t\t\t<span class=\"elementor-button-text\">DISE\u00d1O GR\u00c1FICO<\/span>\n\t\t\t\t\t<\/span>\n\t\t\t\t\t<\/a>\n\t\t\t\t<\/div>\n\t\t\t\t\t\t\t\t<\/div>\n\t\t\t\t<\/div>\n\t\t\t\t<div class=\"elementor-element elementor-element-dd43c71 elementor-button-info elementor-align-center elementor-widget elementor-widget-button\" data-id=\"dd43c71\" data-element_type=\"widget\" data-widget_type=\"button.default\">\n\t\t\t\t<div class=\"elementor-widget-container\">\n\t\t\t\t\t\t\t\t\t<div class=\"elementor-button-wrapper\">\n\t\t\t\t\t<a class=\"elementor-button elementor-button-link elementor-size-sm elementor-animation-float\" href=\"http:\/\/traffic%20management\" id=\"boton0\">\n\t\t\t\t\t\t<span class=\"elementor-button-content-wrapper\">\n\t\t\t\t\t\t\t\t\t<span class=\"elementor-button-text\">TRAFFIC MANAGEMENT<\/span>\n\t\t\t\t\t<\/span>\n\t\t\t\t\t<\/a>\n\t\t\t\t<\/div>\n\t\t\t\t\t\t\t\t<\/div>\n\t\t\t\t<\/div>\n\t\t\t\t<div class=\"elementor-element elementor-element-6842ee7 elementor-button-info elementor-align-center elementor-widget elementor-widget-button\" data-id=\"6842ee7\" data-element_type=\"widget\" data-widget_type=\"button.default\">\n\t\t\t\t<div class=\"elementor-widget-container\">\n\t\t\t\t\t\t\t\t\t<div class=\"elementor-button-wrapper\">\n\t\t\t\t\t<a class=\"elementor-button elementor-button-link elementor-size-sm elementor-animation-float\" href=\"http:\/\/soporte\" id=\"boton2\">\n\t\t\t\t\t\t<span class=\"elementor-button-content-wrapper\">\n\t\t\t\t\t\t\t\t\t<span class=\"elementor-button-text\">SOPORTE<\/span>\n\t\t\t\t\t<\/span>\n\t\t\t\t\t<\/a>\n\t\t\t\t<\/div>\n\t\t\t\t\t\t\t\t<\/div>\n\t\t\t\t<\/div>\n\t\t\t\t\t<\/div>\n\t\t<\/div>\n\t\t\t\t<div class=\"elementor-column elementor-col-50 elementor-top-column elementor-element elementor-element-f83a44c\" data-id=\"f83a44c\" data-element_type=\"column\">\n\t\t\t<div class=\"elementor-widget-wrap elementor-element-populated\">\n\t\t\t\t\t\t<div class=\"elementor-element elementor-element-43d3395 elementor-button-info elementor-align-center elementor-widget elementor-widget-button\" data-id=\"43d3395\" data-element_type=\"widget\" data-widget_type=\"button.default\">\n\t\t\t\t<div class=\"elementor-widget-container\">\n\t\t\t\t\t\t\t\t\t<div class=\"elementor-button-wrapper\">\n\t\t\t\t\t<a class=\"elementor-button elementor-button-link elementor-size-sm elementor-animation-float\" href=\"http:\/\/web\" id=\"boton0\">\n\t\t\t\t\t\t<span class=\"elementor-button-content-wrapper\">\n\t\t\t\t\t\t\t\t\t<span class=\"elementor-button-text\">WEB<\/span>\n\t\t\t\t\t<\/span>\n\t\t\t\t\t<\/a>\n\t\t\t\t<\/div>\n\t\t\t\t\t\t\t\t<\/div>\n\t\t\t\t<\/div>\n\t\t\t\t<div class=\"elementor-element elementor-element-b6f1641 elementor-button-info elementor-align-center elementor-widget elementor-widget-button\" data-id=\"b6f1641\" data-element_type=\"widget\" data-widget_type=\"button.default\">\n\t\t\t\t<div class=\"elementor-widget-container\">\n\t\t\t\t\t\t\t\t\t<div class=\"elementor-button-wrapper\">\n\t\t\t\t\t<a class=\"elementor-button elementor-button-link elementor-size-sm elementor-animation-float\" href=\"http:\/\/seo\" id=\"boton2\">\n\t\t\t\t\t\t<span class=\"elementor-button-content-wrapper\">\n\t\t\t\t\t\t\t\t\t<span class=\"elementor-button-text\">SEO<\/span>\n\t\t\t\t\t<\/span>\n\t\t\t\t\t<\/a>\n\t\t\t\t<\/div>\n\t\t\t\t\t\t\t\t<\/div>\n\t\t\t\t<\/div>\n\t\t\t\t<div class=\"elementor-element elementor-element-f93b421 elementor-button-info elementor-align-center elementor-widget elementor-widget-button\" data-id=\"f93b421\" data-element_type=\"widget\" data-widget_type=\"button.default\">\n\t\t\t\t<div class=\"elementor-widget-container\">\n\t\t\t\t\t\t\t\t\t<div class=\"elementor-button-wrapper\">\n\t\t\t\t\t<a class=\"elementor-button elementor-button-link elementor-size-sm elementor-animation-float\" href=\"http:\/\/desarrollo%20tecnnol\u00f3gico\" id=\"boton1\">\n\t\t\t\t\t\t<span class=\"elementor-button-content-wrapper\">\n\t\t\t\t\t\t\t\t\t<span class=\"elementor-button-text\">DESARROLLO TECNOL\u00d3GICO<\/span>\n\t\t\t\t\t<\/span>\n\t\t\t\t\t<\/a>\n\t\t\t\t<\/div>\n\t\t\t\t\t\t\t\t<\/div>\n\t\t\t\t<\/div>\n\t\t\t\t<div class=\"elementor-element elementor-element-684dfe4 elementor-button-info elementor-align-center elementor-widget elementor-widget-button\" data-id=\"684dfe4\" data-element_type=\"widget\" data-widget_type=\"button.default\">\n\t\t\t\t<div class=\"elementor-widget-container\">\n\t\t\t\t\t\t\t\t\t<div class=\"elementor-button-wrapper\">\n\t\t\t\t\t<a class=\"elementor-button elementor-button-link elementor-size-sm elementor-animation-float\" href=\"http:\/\/porducci\u00f3n%20audiovisual\" id=\"boton0\">\n\t\t\t\t\t\t<span class=\"elementor-button-content-wrapper\">\n\t\t\t\t\t\t\t\t\t<span class=\"elementor-button-text\">PRODUCCI\u00d3N AUDIOVISUAL<\/span>\n\t\t\t\t\t<\/span>\n\t\t\t\t\t<\/a>\n\t\t\t\t<\/div>\n\t\t\t\t\t\t\t\t<\/div>\n\t\t\t\t<\/div>\n\t\t\t\t\t<\/div>\n\t\t<\/div>\n\t\t\t\t\t<\/div>\n\t\t<\/section>\n\t\t\t\t<section class=\"elementor-section elementor-top-section elementor-element elementor-element-31bf46a elementor-section-boxed elementor-section-height-default elementor-section-height-default\" data-id=\"31bf46a\" data-element_type=\"section\">\n\t\t\t\t\t\t<div class=\"elementor-container elementor-column-gap-default\">\n\t\t\t\t\t<div class=\"elementor-column elementor-col-100 elementor-top-column elementor-element elementor-element-4eff1de\" data-id=\"4eff1de\" data-element_type=\"column\">\n\t\t\t<div class=\"elementor-widget-wrap elementor-element-populated\">\n\t\t\t\t\t\t<div class=\"elementor-element elementor-element-bea3d41 elementor-widget elementor-widget-heading\" data-id=\"bea3d41\" data-element_type=\"widget\" data-widget_type=\"heading.default\">\n\t\t\t\t<div class=\"elementor-widget-container\">\n\t\t\t\t\t<h2 class=\"elementor-heading-title elementor-size-default\">Ofrecemos servicios de marketing digital para ayudarte a llegar a tu p\u00fablico objetivo y aumentar tus ventas.<\/h2>\t\t\t\t<\/div>\n\t\t\t\t<\/div>\n\t\t\t\t\t<\/div>\n\t\t<\/div>\n\t\t\t\t\t<\/div>\n\t\t<\/section>\n\t\t\t\t<section class=\"elementor-section elementor-top-section elementor-element elementor-element-8b7fde0 elementor-section-full_width elementor-section-height-default elementor-section-height-default\" data-id=\"8b7fde0\" data-element_type=\"section\">\n\t\t\t\t\t\t<div class=\"elementor-container elementor-column-gap-default\">\n\t\t\t\t\t<div class=\"elementor-column elementor-col-100 elementor-top-column elementor-element elementor-element-19f2f35\" data-id=\"19f2f35\" data-element_type=\"column\">\n\t\t\t<div class=\"elementor-widget-wrap elementor-element-populated\">\n\t\t\t\t\t\t<div class=\"elementor-element elementor-element-1a0bb22 elementor-widget-divider--view-line elementor-widget elementor-widget-divider\" data-id=\"1a0bb22\" data-element_type=\"widget\" data-widget_type=\"divider.default\">\n\t\t\t\t<div class=\"elementor-widget-container\">\n\t\t\t\t\t\t\t<div class=\"elementor-divider\">\n\t\t\t<span class=\"elementor-divider-separator\">\n\t\t\t\t\t\t<\/span>\n\t\t<\/div>\n\t\t\t\t\t\t<\/div>\n\t\t\t\t<\/div>\n\t\t\t\t<div class=\"elementor-element elementor-element-a1e3160 elementor-widget elementor-widget-heading\" data-id=\"a1e3160\" data-element_type=\"widget\" data-widget_type=\"heading.default\">\n\t\t\t\t<div class=\"elementor-widget-container\">\n\t\t\t\t\t<h2 class=\"elementor-heading-title elementor-size-default\">Desde SEO hasta publicidad en redes sociales, nuestro equipo\nde expertos en marketing digital te ayudar\u00e1 a alcanzar tus objetivos.\n<br>\n<br>\nNuestro equipo de desarrolladores web se enfoca en crear soluciones\ntecnol\u00f3gicas innovadoras y personalizadas para tu negocio. Ya sea que\nnecesites una p\u00e1gina web, una aplicaci\u00f3n m\u00f3vil o un sistema de gesti\u00f3n\nde contenido, estamos aqu\u00ed para ayudarte. Con nuestra experiencia y\nconocimientos t\u00e9cnicos, podemos llevar tu negocio al siguiente nivel.<\/h2>\t\t\t\t<\/div>\n\t\t\t\t<\/div>\n\t\t\t\t\t<\/div>\n\t\t<\/div>\n\t\t\t\t\t<\/div>\n\t\t<\/section>\n\t\t\t\t<\/div>\n\t\t","protected":false},"excerpt":{"rendered":"<p>\u00bfquieres que tu negocio sea visible en l\u00cdnea? MARKETING 360\u00b0 DISE\u00d1O GR\u00c1FICO TRAFFIC MANAGEMENT SOPORTE WEB SEO DESARROLLO TECNOL\u00d3GICO PRODUCCI\u00d3N AUDIOVISUAL Ofrecemos servicios de marketing digital para ayudarte a llegar a tu p\u00fablico objetivo y aumentar tus ventas. Desde SEO hasta publicidad en redes sociales, nuestro equipo de expertos en marketing digital te ayudar\u00e1 a [&hellip;]<\/p>\n","protected":false},"author":1,"featured_media":0,"parent":0,"menu_order":0,"comment_status":"closed","ping_status":"closed","template":"","meta":{"_uag_custom_page_level_css":"","site-sidebar-layout":"no-sidebar","site-content-layout":"page-builder","ast-site-content-layout":"","site-content-style":"default","site-sidebar-style":"default","ast-global-header-display":"","ast-banner-title-visibility":"","ast-main-header-display":"","ast-hfb-above-header-display":"","ast-hfb-below-header-display":"","ast-hfb-mobile-header-display":"","site-post-title":"disabled","ast-breadcrumbs-content":"","ast-featured-img":"disabled","footer-sml-layout":"","theme-transparent-header-meta":"","adv-header-id-meta":"","stick-header-meta":"","header-above-stick-meta":"","header-main-stick-meta":"","header-below-stick-meta":"","astra-migrate-meta-layouts":"default","ast-page-background-enabled":"default","ast-page-background-meta":{"desktop":{"background-color":"","background-image":"","background-repeat":"repeat","background-position":"center center","background-size":"auto","background-attachment":"scroll","background-type":"","background-media":"","overlay-type":"","overlay-color":"","overlay-gradient":""},"tablet":{"background-color":"","background-image":"","background-repeat":"repeat","background-position":"center center","background-size":"auto","background-attachment":"scroll","background-type":"","background-media":"","overlay-type":"","overlay-color":"","overlay-gradient":""},"mobile":{"background-color":"","background-image":"","background-repeat":"repeat","background-position":"center center","background-size":"auto","background-attachment":"scroll","background-type":"","background-media":"","overlay-type":"","overlay-color":"","overlay-gradient":""}},"ast-content-background-meta":{"desktop":{"background-color":"var(--ast-global-color-5)","background-image":"","background-repeat":"repeat","background-position":"center center","background-size":"auto","background-attachment":"scroll","background-type":"","background-media":"","overlay-type":"","overlay-color":"","overlay-gradient":""},"tablet":{"background-color":"var(--ast-global-color-5)","background-image":"","background-repeat":"repeat","background-position":"center center","background-size":"auto","background-attachment":"scroll","background-type":"","background-media":"","overlay-type":"","overlay-color":"","overlay-gradient":""},"mobile":{"background-color":"var(--ast-global-color-5)","background-image":"","background-repeat":"repeat","background-position":"center center","background-size":"auto","background-attachment":"scroll","background-type":"","background-media":"","overlay-type":"","overlay-color":"","overlay-gradient":""}},"footnotes":""},"class_list":["post-1206","page","type-page","status-publish","hentry"],"yoast_head":"<!-- This site is optimized with the Yoast SEO plugin v25.1 - https:\/\/yoast.com\/wordpress\/plugins\/seo\/ -->\n<title>Servicios | Archie Agencia<\/title>\n<meta name=\"robots\" content=\"index, follow, max-snippet:-1, max-image-preview:large, max-video-preview:-1\" \/>\n<link rel=\"canonical\" href=\"https:\/\/archieagencia.com.co\/index.php\/servicios\/\" \/>\n<meta property=\"og:locale\" content=\"es_ES\" \/>\n<meta property=\"og:type\" content=\"article\" \/>\n<meta property=\"og:title\" content=\"Servicios | Archie Agencia\" \/>\n<meta property=\"og:description\" content=\"\u00bfquieres que tu negocio sea visible en l\u00cdnea? MARKETING 360\u00b0 DISE\u00d1O GR\u00c1FICO TRAFFIC MANAGEMENT SOPORTE WEB SEO DESARROLLO TECNOL\u00d3GICO PRODUCCI\u00d3N AUDIOVISUAL Ofrecemos servicios de marketing digital para ayudarte a llegar a tu p\u00fablico objetivo y aumentar tus ventas. Desde SEO hasta publicidad en redes sociales, nuestro equipo de expertos en marketing digital te ayudar\u00e1 a [&hellip;]\" \/>\n<meta property=\"og:url\" content=\"https:\/\/archieagencia.com.co\/index.php\/servicios\/\" \/>\n<meta property=\"og:site_name\" content=\"Archie Agencia\" \/>\n<meta property=\"article:publisher\" content=\"https:\/\/www.facebook.com\/Archieagencia\" \/>\n<meta property=\"article:modified_time\" content=\"2023-12-27T01:55:57+00:00\" \/>\n<meta name=\"twitter:card\" content=\"summary_large_image\" \/>\n<meta name=\"twitter:label1\" content=\"Tiempo de lectura\" \/>\n\t<meta name=\"twitter:data1\" content=\"1 minuto\" \/>\n<script type=\"application\/ld+json\" class=\"yoast-schema-graph\">{\"@context\":\"https:\/\/schema.org\",\"@graph\":[{\"@type\":\"WebPage\",\"@id\":\"https:\/\/archieagencia.com.co\/index.php\/servicios\/\",\"url\":\"https:\/\/archieagencia.com.co\/index.php\/servicios\/\",\"name\":\"Servicios | Archie Agencia\",\"isPartOf\":{\"@id\":\"https:\/\/archieagencia.com.co\/#website\"},\"datePublished\":\"2023-07-14T00:32:25+00:00\",\"dateModified\":\"2023-12-27T01:55:57+00:00\",\"breadcrumb\":{\"@id\":\"https:\/\/archieagencia.com.co\/index.php\/servicios\/#breadcrumb\"},\"inLanguage\":\"es\",\"potentialAction\":[{\"@type\":\"ReadAction\",\"target\":[\"https:\/\/archieagencia.com.co\/index.php\/servicios\/\"]}]},{\"@type\":\"BreadcrumbList\",\"@id\":\"https:\/\/archieagencia.com.co\/index.php\/servicios\/#breadcrumb\",\"itemListElement\":[{\"@type\":\"ListItem\",\"position\":1,\"name\":\"Home\",\"item\":\"https:\/\/archieagencia.com.co\/\"},{\"@type\":\"ListItem\",\"position\":2,\"name\":\"Servicios\"}]},{\"@type\":\"WebSite\",\"@id\":\"https:\/\/archieagencia.com.co\/#website\",\"url\":\"https:\/\/archieagencia.com.co\/\",\"name\":\"Archie Agencia\",\"description\":\"Democratizamos el marketing\",\"publisher\":{\"@id\":\"https:\/\/archieagencia.com.co\/#organization\"},\"alternateName\":\"Archie Technology & Marketing\",\"potentialAction\":[{\"@type\":\"SearchAction\",\"target\":{\"@type\":\"EntryPoint\",\"urlTemplate\":\"https:\/\/archieagencia.com.co\/?s={search_term_string}\"},\"query-input\":{\"@type\":\"PropertyValueSpecification\",\"valueRequired\":true,\"valueName\":\"search_term_string\"}}],\"inLanguage\":\"es\"},{\"@type\":\"Organization\",\"@id\":\"https:\/\/archieagencia.com.co\/#organization\",\"name\":\"Archie Agencia\",\"alternateName\":\"Archie Technology & Marketing\",\"url\":\"https:\/\/archieagencia.com.co\/\",\"logo\":{\"@type\":\"ImageObject\",\"inLanguage\":\"es\",\"@id\":\"https:\/\/archieagencia.com.co\/#\/schema\/logo\/image\/\",\"url\":\"https:\/\/archieagencia.com.co\/wp-content\/uploads\/2023\/07\/Logo-Archie_2.png\",\"contentUrl\":\"https:\/\/archieagencia.com.co\/wp-content\/uploads\/2023\/07\/Logo-Archie_2.png\",\"width\":4500,\"height\":4500,\"caption\":\"Archie Agencia\"},\"image\":{\"@id\":\"https:\/\/archieagencia.com.co\/#\/schema\/logo\/image\/\"},\"sameAs\":[\"https:\/\/www.facebook.com\/Archieagencia\",\"https:\/\/www.instagram.com\/archietechnology\/\"]}]}<\/script>\n<!-- \/ Yoast SEO plugin. -->","yoast_head_json":{"title":"Servicios | Archie Agencia","robots":{"index":"index","follow":"follow","max-snippet":"max-snippet:-1","max-image-preview":"max-image-preview:large","max-video-preview":"max-video-preview:-1"},"canonical":"https:\/\/archieagencia.com.co\/index.php\/servicios\/","og_locale":"es_ES","og_type":"article","og_title":"Servicios | Archie Agencia","og_description":"\u00bfquieres que tu negocio sea visible en l\u00cdnea? MARKETING 360\u00b0 DISE\u00d1O GR\u00c1FICO TRAFFIC MANAGEMENT SOPORTE WEB SEO DESARROLLO TECNOL\u00d3GICO PRODUCCI\u00d3N AUDIOVISUAL Ofrecemos servicios de marketing digital para ayudarte a llegar a tu p\u00fablico objetivo y aumentar tus ventas. Desde SEO hasta publicidad en redes sociales, nuestro equipo de expertos en marketing digital te ayudar\u00e1 a [&hellip;]","og_url":"https:\/\/archieagencia.com.co\/index.php\/servicios\/","og_site_name":"Archie Agencia","article_publisher":"https:\/\/www.facebook.com\/Archieagencia","article_modified_time":"2023-12-27T01:55:57+00:00","twitter_card":"summary_large_image","twitter_misc":{"Tiempo de lectura":"1 minuto"},"schema":{"@context":"https:\/\/schema.org","@graph":[{"@type":"WebPage","@id":"https:\/\/archieagencia.com.co\/index.php\/servicios\/","url":"https:\/\/archieagencia.com.co\/index.php\/servicios\/","name":"Servicios | Archie Agencia","isPartOf":{"@id":"https:\/\/archieagencia.com.co\/#website"},"datePublished":"2023-07-14T00:32:25+00:00","dateModified":"2023-12-27T01:55:57+00:00","breadcrumb":{"@id":"https:\/\/archieagencia.com.co\/index.php\/servicios\/#breadcrumb"},"inLanguage":"es","potentialAction":[{"@type":"ReadAction","target":["https:\/\/archieagencia.com.co\/index.php\/servicios\/"]}]},{"@type":"BreadcrumbList","@id":"https:\/\/archieagencia.com.co\/index.php\/servicios\/#breadcrumb","itemListElement":[{"@type":"ListItem","position":1,"name":"Home","item":"https:\/\/archieagencia.com.co\/"},{"@type":"ListItem","position":2,"name":"Servicios"}]},{"@type":"WebSite","@id":"https:\/\/archieagencia.com.co\/#website","url":"https:\/\/archieagencia.com.co\/","name":"Archie Agencia","description":"Democratizamos el marketing","publisher":{"@id":"https:\/\/archieagencia.com.co\/#organization"},"alternateName":"Archie Technology & Marketing","potentialAction":[{"@type":"SearchAction","target":{"@type":"EntryPoint","urlTemplate":"https:\/\/archieagencia.com.co\/?s={search_term_string}"},"query-input":{"@type":"PropertyValueSpecification","valueRequired":true,"valueName":"search_term_string"}}],"inLanguage":"es"},{"@type":"Organization","@id":"https:\/\/archieagencia.com.co\/#organization","name":"Archie Agencia","alternateName":"Archie Technology & Marketing","url":"https:\/\/archieagencia.com.co\/","logo":{"@type":"ImageObject","inLanguage":"es","@id":"https:\/\/archieagencia.com.co\/#\/schema\/logo\/image\/","url":"https:\/\/archieagencia.com.co\/wp-content\/uploads\/2023\/07\/Logo-Archie_2.png","contentUrl":"https:\/\/archieagencia.com.co\/wp-content\/uploads\/2023\/07\/Logo-Archie_2.png","width":4500,"height":4500,"caption":"Archie Agencia"},"image":{"@id":"https:\/\/archieagencia.com.co\/#\/schema\/logo\/image\/"},"sameAs":["https:\/\/www.facebook.com\/Archieagencia","https:\/\/www.instagram.com\/archietechnology\/"]}]}},"uagb_featured_image_src":{"full":false,"thumbnail":false,"medium":false,"medium_large":false,"large":false,"1536x1536":false,"2048x2048":false},"uagb_author_info":{"display_name":"archieagencia","author_link":"https:\/\/archieagencia.com.co\/index.php\/author\/archieagencia\/"},"uagb_comment_info":0,"uagb_excerpt":"\u00bfquieres que tu negocio sea visible en l\u00cdnea? MARKETING 360\u00b0 DISE\u00d1O GR\u00c1FICO TRAFFIC MANAGEMENT SOPORTE WEB SEO DESARROLLO TECNOL\u00d3GICO PRODUCCI\u00d3N AUDIOVISUAL Ofrecemos servicios de marketing digital para ayudarte a llegar a tu p\u00fablico objetivo y aumentar tus ventas. Desde SEO hasta publicidad en redes sociales, nuestro equipo de expertos en marketing digital te ayudar\u00e1 a&hellip;","_links":{"self":[{"href":"https:\/\/archieagencia.com.co\/index.php\/wp-json\/wp\/v2\/pages\/1206","targetHints":{"allow":["GET"]}}],"collection":[{"href":"https:\/\/archieagencia.com.co\/index.php\/wp-json\/wp\/v2\/pages"}],"about":[{"href":"https:\/\/archieagencia.com.co\/index.php\/wp-json\/wp\/v2\/types\/page"}],"author":[{"embeddable":true,"href":"https:\/\/archieagencia.com.co\/index.php\/wp-json\/wp\/v2\/users\/1"}],"replies":[{"embeddable":true,"href":"https:\/\/archieagencia.com.co\/index.php\/wp-json\/wp\/v2\/comments?post=1206"}],"version-history":[{"count":22,"href":"https:\/\/archieagencia.com.co\/index.php\/wp-json\/wp\/v2\/pages\/1206\/revisions"}],"predecessor-version":[{"id":1524,"href":"https:\/\/archieagencia.com.co\/index.php\/wp-json\/wp\/v2\/pages\/1206\/revisions\/1524"}],"wp:attachment":[{"href":"https:\/\/archieagencia.com.co\/index.php\/wp-json\/wp\/v2\/media?parent=1206"}],"curies":[{"name":"wp","href":"https:\/\/api.w.org\/{rel}","templated":true}]}}